{"id":4051,"date":"2024-11-06T13:50:53","date_gmt":"2024-11-06T11:50:53","guid":{"rendered":"https:\/\/jornadas.fesabid.org\/jeid25\/?page_id=4051"},"modified":"2025-01-13T09:07:34","modified_gmt":"2025-01-13T07:07:34","slug":"formulario-de-patrocinios-de-las-jornadas","status":"publish","type":"page","link":"https:\/\/jornadas.fesabid.org\/jeid25\/index.php\/patrocina\/formulario-de-patrocinios-de-las-jornadas\/","title":{"rendered":"FORMULARIO DE PATROCINIOS DE LAS JORNADAS"},"content":{"rendered":"\t\t<div data-elementor-type=\"wp-page\" data-elementor-id=\"4051\" class=\"elementor elementor-4051\">\n\t\t\t\t\t\t<section class=\"elementor-section elementor-top-section elementor-element elementor-element-1801770 elementor-section-boxed elementor-section-height-default elementor-section-height-default\" data-id=\"1801770\" data-element_type=\"section\">\n\t\t\t\t\t\t<div class=\"elementor-container elementor-column-gap-default\">\n\t\t\t\t\t<div class=\"elementor-column elementor-col-100 elementor-top-column elementor-element elementor-element-cb833c4\" data-id=\"cb833c4\" data-element_type=\"column\" data-settings=\"{&quot;background_background&quot;:&quot;classic&quot;}\">\n\t\t\t<div class=\"elementor-widget-wrap elementor-element-populated\">\n\t\t\t\t\t\t<div class=\"elementor-element elementor-element-cf7fcd5 elementor-widget elementor-widget-spacer\" data-id=\"cf7fcd5\" data-element_type=\"widget\" data-widget_type=\"spacer.default\">\n\t\t\t\t<div class=\"elementor-widget-container\">\n\t\t\t<style>\/*! elementor - v3.23.0 - 05-08-2024 *\/\n.elementor-column .elementor-spacer-inner{height:var(--spacer-size)}.e-con{--container-widget-width:100%}.e-con-inner>.elementor-widget-spacer,.e-con>.elementor-widget-spacer{width:var(--container-widget-width,var(--spacer-size));--align-self:var(--container-widget-align-self,initial);--flex-shrink:0}.e-con-inner>.elementor-widget-spacer>.elementor-widget-container,.e-con>.elementor-widget-spacer>.elementor-widget-container{height:100%;width:100%}.e-con-inner>.elementor-widget-spacer>.elementor-widget-container>.elementor-spacer,.e-con>.elementor-widget-spacer>.elementor-widget-container>.elementor-spacer{height:100%}.e-con-inner>.elementor-widget-spacer>.elementor-widget-container>.elementor-spacer>.elementor-spacer-inner,.e-con>.elementor-widget-spacer>.elementor-widget-container>.elementor-spacer>.elementor-spacer-inner{height:var(--container-widget-height,var(--spacer-size))}.e-con-inner>.elementor-widget-spacer.elementor-widget-empty,.e-con>.elementor-widget-spacer.elementor-widget-empty{position:relative;min-height:22px;min-width:22px}.e-con-inner>.elementor-widget-spacer.elementor-widget-empty .elementor-widget-empty-icon,.e-con>.elementor-widget-spacer.elementor-widget-empty .elementor-widget-empty-icon{position:absolute;top:0;bottom:0;left:0;right:0;margin:auto;padding:0;width:22px;height:22px}<\/style>\t\t<div class=\"elementor-spacer\">\n\t\t\t<div class=\"elementor-spacer-inner\"><\/div>\n\t\t<\/div>\n\t\t\t\t<\/div>\n\t\t\t\t<\/div>\n\t\t\t\t\t<\/div>\n\t\t<\/div>\n\t\t\t\t\t<\/div>\n\t\t<\/section>\n\t\t\t\t<section class=\"elementor-section elementor-top-section elementor-element elementor-element-387a2c1 elementor-section-boxed elementor-section-height-default elementor-section-height-default\" data-id=\"387a2c1\" data-element_type=\"section\">\n\t\t\t\t\t\t<div class=\"elementor-container elementor-column-gap-default\">\n\t\t\t\t\t<div class=\"elementor-column elementor-col-100 elementor-top-column elementor-element elementor-element-8b86e28\" data-id=\"8b86e28\" data-element_type=\"column\">\n\t\t\t<div class=\"elementor-widget-wrap elementor-element-populated\">\n\t\t\t\t\t\t<div class=\"elementor-element elementor-element-8f0cdc7 elementor-widget elementor-widget-heading\" data-id=\"8f0cdc7\" data-element_type=\"widget\" data-widget_type=\"heading.default\">\n\t\t\t\t<div class=\"elementor-widget-container\">\n\t\t\t<style>\/*! elementor - v3.23.0 - 05-08-2024 *\/\n.elementor-heading-title{padding:0;margin:0;line-height:1}.elementor-widget-heading .elementor-heading-title[class*=elementor-size-]>a{color:inherit;font-size:inherit;line-height:inherit}.elementor-widget-heading .elementor-heading-title.elementor-size-small{font-size:15px}.elementor-widget-heading .elementor-heading-title.elementor-size-medium{font-size:19px}.elementor-widget-heading .elementor-heading-title.elementor-size-large{font-size:29px}.elementor-widget-heading .elementor-heading-title.elementor-size-xl{font-size:39px}.elementor-widget-heading .elementor-heading-title.elementor-size-xxl{font-size:59px}<\/style><h2 class=\"elementor-heading-title elementor-size-xl\">PATROCINA<\/h2>\t\t<\/div>\n\t\t\t\t<\/div>\n\t\t\t\t\t<\/div>\n\t\t<\/div>\n\t\t\t\t\t<\/div>\n\t\t<\/section>\n\t\t\t\t<section class=\"elementor-section elementor-top-section elementor-element elementor-element-c763284 elementor-section-boxed elementor-section-height-default elementor-section-height-default\" data-id=\"c763284\" data-element_type=\"section\">\n\t\t\t\t\t\t<div class=\"elementor-container elementor-column-gap-default\">\n\t\t\t\t\t<div class=\"elementor-column elementor-col-100 elementor-top-column elementor-element elementor-element-3790ba2\" data-id=\"3790ba2\" data-element_type=\"column\">\n\t\t\t<div class=\"elementor-widget-wrap elementor-element-populated\">\n\t\t\t\t\t\t<div class=\"elementor-element elementor-element-5462924 formulario-jeid elementor-widget elementor-widget-shortcode\" data-id=\"5462924\" data-element_type=\"widget\" data-widget_type=\"shortcode.default\">\n\t\t\t\t<div class=\"elementor-widget-container\">\n\t\t\t\t\t<div class=\"elementor-shortcode\"><div class=\"forminator-ui forminator-custom-form forminator-custom-form-4050 forminator-design--flat  forminator_ajax\" data-forminator-render=\"0\" data-form=\"forminator-module-4050\" data-uid=\"69e737c6ef5df\"><br\/><\/div><form\n\t\t\t\tid=\"forminator-module-4050\"\n\t\t\t\tclass=\"forminator-ui forminator-custom-form forminator-custom-form-4050 forminator-design--flat  forminator_ajax\"\n\t\t\t\tmethod=\"post\"\n\t\t\t\tdata-forminator-render=\"0\"\n\t\t\t\tdata-form-id=\"4050\"\n\t\t\t\t\n\t\t\t\tdata-design=\"flat\"\n\t\t\t\t\n\t\t\t\t\n\t\t\t\t\n\t\t\t\tdata-grid=\"open\"\n\t\t\t\t\n\t\t\t\t\n\t\t\t\tstyle=\"display: none;\"\n\t\t\t\t\n\t\t\t\tdata-uid=\"69e737c6ef5df\"\n\t\t\t><div role=\"alert\" aria-live=\"polite\" class=\"forminator-response-message forminator-error\" aria-hidden=\"true\"><\/div><div class=\"forminator-row\"><div id=\"text-1\" class=\"forminator-field-text forminator-col forminator-col-12 \"><div class=\"forminator-field\"><label for=\"forminator-field-text-1_69e737c6ef5df\" id=\"forminator-field-text-1_69e737c6ef5df-label\" class=\"forminator-label\">\u00bfC\u00f3mo se llama tu empresa? <span class=\"forminator-required\">*<\/span><\/label><input type=\"text\" name=\"text-1\" value=\"\" placeholder=\"Escribe aqu\u00ed tu respuesta\" id=\"forminator-field-text-1_69e737c6ef5df\" class=\"forminator-input forminator-name--field\" data-required=\"1\" \/><\/div><\/div><\/div><div class=\"forminator-row\"><div id=\"text-2\" class=\"forminator-field-text forminator-col forminator-col-12 \"><div class=\"forminator-field\"><label for=\"forminator-field-text-2_69e737c6ef5df\" id=\"forminator-field-text-2_69e737c6ef5df-label\" class=\"forminator-label\">\u00bfCu\u00e1l es el NIF de la empresa? <span class=\"forminator-required\">*<\/span><\/label><input type=\"text\" name=\"text-2\" value=\"\" placeholder=\"Escribe aqu\u00ed tu respuesta\" id=\"forminator-field-text-2_69e737c6ef5df\" class=\"forminator-input forminator-name--field\" data-required=\"1\" \/><\/div><\/div><\/div><div class=\"forminator-row\"><div id=\"group-1\" class=\"forminator-field-group forminator-col forminator-col-12 \"><label class=\"forminator-label forminator-repeater-label\">\u00bfY su direcci\u00f3n?<\/label><div class=\"forminator-all-group-copies forminator-repeater-field\"><div class=\"forminator-grouped-fields\" data-options=\"{&quot;is_repeater&quot;:false,&quot;min_type&quot;:&quot;custom&quot;,&quot;max_type&quot;:&quot;custom&quot;,&quot;min&quot;:1,&quot;max&quot;:9223372036854775807,&quot;add_text&quot;:&quot;A\\u00f1adir elemento&quot;,&quot;remove_text&quot;:&quot;Eliminar art\\u00edculo&quot;,&quot;action_element_type&quot;:&quot;button&quot;}\"><div class=\"forminator-row\"><div id=\"text-3\" class=\"forminator-field-text forminator-col forminator-col-12 \"><div class=\"forminator-field\"><label for=\"forminator-field-text-3_69e737c6ef5df\" id=\"forminator-field-text-3_69e737c6ef5df-label\" class=\"forminator-label\">Direcci\u00f3n: <span class=\"forminator-required\">*<\/span><\/label><input type=\"text\" name=\"text-3\" value=\"\" placeholder=\"Ejemplo: Gran V\u00eda, 14, 5\u00ba C\" id=\"forminator-field-text-3_69e737c6ef5df\" class=\"forminator-input forminator-name--field\" data-required=\"1\" \/><\/div><\/div><\/div><div class=\"forminator-row\"><div id=\"text-4\" class=\"forminator-field-text forminator-col forminator-col-12 \"><div class=\"forminator-field\"><label for=\"forminator-field-text-4_69e737c6ef5df\" id=\"forminator-field-text-4_69e737c6ef5df-label\" class=\"forminator-label\">Localidad: <span class=\"forminator-required\">*<\/span><\/label><input type=\"text\" name=\"text-4\" value=\"\" placeholder=\"Ejemplo: Agurain\" id=\"forminator-field-text-4_69e737c6ef5df\" class=\"forminator-input forminator-name--field\" data-required=\"1\" \/><\/div><\/div><\/div><div class=\"forminator-row\"><div id=\"text-5\" class=\"forminator-field-text forminator-col forminator-col-12 \"><div class=\"forminator-field\"><label for=\"forminator-field-text-5_69e737c6ef5df\" id=\"forminator-field-text-5_69e737c6ef5df-label\" class=\"forminator-label\">Provincia: <span class=\"forminator-required\">*<\/span><\/label><input type=\"text\" name=\"text-5\" value=\"\" placeholder=\"Ejemplo: \u00c1lava\" id=\"forminator-field-text-5_69e737c6ef5df\" class=\"forminator-input forminator-name--field\" data-required=\"1\" \/><\/div><\/div><\/div><div class=\"forminator-row\"><div id=\"text-6\" class=\"forminator-field-text forminator-col forminator-col-12 \"><div class=\"forminator-field\"><label for=\"forminator-field-text-6_69e737c6ef5df\" id=\"forminator-field-text-6_69e737c6ef5df-label\" class=\"forminator-label\">C\u00f3digo Postal: <span class=\"forminator-required\">*<\/span><\/label><input type=\"text\" name=\"text-6\" value=\"\" placeholder=\"Ejemplo: 01207\" id=\"forminator-field-text-6_69e737c6ef5df\" class=\"forminator-input forminator-name--field\" data-required=\"1\" \/><\/div><\/div><\/div><div class=\"forminator-row\"><div id=\"text-7\" class=\"forminator-field-text forminator-col forminator-col-12 \"><div class=\"forminator-field\"><label for=\"forminator-field-text-7_69e737c6ef5df\" id=\"forminator-field-text-7_69e737c6ef5df-label\" class=\"forminator-label\">Pa\u00eds: <span class=\"forminator-required\">*<\/span><\/label><input type=\"text\" name=\"text-7\" value=\"\" placeholder=\"Ejemplo: Espa\u00f1a\" id=\"forminator-field-text-7_69e737c6ef5df\" class=\"forminator-input forminator-name--field\" data-required=\"1\" \/><\/div><\/div><\/div><\/div><\/div><\/div><\/div><div class=\"forminator-row\"><div id=\"group-2\" class=\"forminator-field-group forminator-col forminator-col-12 \"><label class=\"forminator-label forminator-repeater-label\">Persona de contacto<\/label><div class=\"forminator-all-group-copies forminator-repeater-field\"><div class=\"forminator-grouped-fields\" data-options=\"{&quot;is_repeater&quot;:false,&quot;min_type&quot;:&quot;custom&quot;,&quot;max_type&quot;:&quot;custom&quot;,&quot;min&quot;:1,&quot;max&quot;:9223372036854775807,&quot;add_text&quot;:&quot;A\\u00f1adir elemento&quot;,&quot;remove_text&quot;:&quot;Eliminar art\\u00edculo&quot;,&quot;action_element_type&quot;:&quot;button&quot;}\"><div class=\"forminator-row\"><div id=\"text-8\" class=\"forminator-field-text forminator-col forminator-col-12 \"><div class=\"forminator-field\"><label for=\"forminator-field-text-8_69e737c6ef5df\" id=\"forminator-field-text-8_69e737c6ef5df-label\" class=\"forminator-label\">Nombre: <span class=\"forminator-required\">*<\/span><\/label><input type=\"text\" name=\"text-8\" value=\"\" placeholder=\"Ejemplo: Mar\u00eda\" id=\"forminator-field-text-8_69e737c6ef5df\" class=\"forminator-input forminator-name--field\" data-required=\"1\" \/><\/div><\/div><\/div><div class=\"forminator-row\"><div id=\"text-9\" class=\"forminator-field-text forminator-col forminator-col-12 \"><div class=\"forminator-field\"><label for=\"forminator-field-text-9_69e737c6ef5df\" id=\"forminator-field-text-9_69e737c6ef5df-label\" class=\"forminator-label\">Apellidos: <span class=\"forminator-required\">*<\/span><\/label><input type=\"text\" name=\"text-9\" value=\"\" placeholder=\"Ejemplo: Moliner Saavedra\" id=\"forminator-field-text-9_69e737c6ef5df\" class=\"forminator-input forminator-name--field\" data-required=\"1\" \/><\/div><\/div><\/div><div class=\"forminator-row\"><div id=\"phone-1\" class=\"forminator-field-phone forminator-col forminator-col-12 \"><div class=\"forminator-field\"><label for=\"forminator-field-phone-1_69e737c6ef5df\" id=\"forminator-field-phone-1_69e737c6ef5df-label\" class=\"forminator-label\">N\u00famero de tel\u00e9fono: <span class=\"forminator-required\">*<\/span><\/label><input type=\"text\" name=\"phone-1\" value=\"\" placeholder=\"Ejemplo: 612345678\" id=\"forminator-field-phone-1_69e737c6ef5df\" class=\"forminator-input forminator-field--phone\" data-required=\"1\" aria-required=\"true\" autocomplete=\"off\" data-validation=\"1\" \/><\/div><\/div><\/div><div class=\"forminator-row\"><div id=\"email-1\" class=\"forminator-field-email forminator-col forminator-col-12 \"><div class=\"forminator-field\"><label for=\"forminator-field-email-1_69e737c6ef5df\" id=\"forminator-field-email-1_69e737c6ef5df-label\" class=\"forminator-label\">Correo electr\u00f3nico: <span class=\"forminator-required\">*<\/span><\/label><input type=\"email\" name=\"email-1\" value=\"\" placeholder=\"Ejemplo: nombre@ejemplo.com\" id=\"forminator-field-email-1_69e737c6ef5df\" class=\"forminator-input forminator-email--field\" data-required=\"true\" aria-required=\"true\" \/><\/div><\/div><\/div><\/div><\/div><\/div><\/div><div class=\"forminator-row\"><div id=\"radio-1\" class=\"forminator-field-radio forminator-col forminator-col-12 \"><div role=\"radiogroup\" class=\"forminator-field\" aria-labelledby=\"forminator-radiogroup-69e737c6ef5df-label\"><span id=\"forminator-radiogroup-69e737c6ef5df-label\" class=\"forminator-label\">\u00bfLa empresa es miembro del Cl\u00faster FESABID? <span class=\"forminator-required\">*<\/span><\/span><label id=\"forminator-field-radio-1-label-1\" for=\"forminator-field-radio-1-1-69e737c6ef5df\" class=\"forminator-radio\" title=\"SI\"><input type=\"radio\" name=\"radio-1\" value=\"one\" id=\"forminator-field-radio-1-1-69e737c6ef5df\" aria-labelledby=\"forminator-field-radio-1-label-1\" data-calculation=\"0\"   data-hidden-behavior=\"zero\"\/><span class=\"forminator-radio-bullet\" aria-hidden=\"true\"><\/span><span class=\"forminator-radio-label\">SI<\/span><\/label><label id=\"forminator-field-radio-1-label-2\" for=\"forminator-field-radio-1-2-69e737c6ef5df\" class=\"forminator-radio\" title=\"NO\"><input type=\"radio\" name=\"radio-1\" value=\"two\" id=\"forminator-field-radio-1-2-69e737c6ef5df\" aria-labelledby=\"forminator-field-radio-1-label-2\" data-calculation=\"0\"   data-hidden-behavior=\"zero\"\/><span class=\"forminator-radio-bullet\" aria-hidden=\"true\"><\/span><span class=\"forminator-radio-label\">NO<\/span><\/label><\/div><\/div><\/div><div class=\"forminator-row\"><div id=\"select-1\" class=\"forminator-field-select forminator-col forminator-col-12 \"><div class=\"forminator-field\"><label for=\"forminator-form-4050__field--select-1_69e737c6ef5df\" id=\"forminator-form-4050__field--select-1_69e737c6ef5df-label\" class=\"forminator-label\">Selecciona la modalidad de patrocinio que te interesa: <span class=\"forminator-required\">*<\/span><\/label><select  id=\"forminator-form-4050__field--select-1_69e737c6ef5df\" class=\"forminator-select--field forminator-select2 forminator-select2-multiple\" data-required=\"1\" name=\"select-1\" data-default-value=\"\" data-hidden-behavior=\"zero\" data-placeholder=\"Seleccionar...\" data-search=\"false\" data-search-placeholder=\"Seleccionar...\" data-checkbox=\"false\" data-allow-clear=\"false\" aria-labelledby=\"forminator-form-4050__field--select-1_69e737c6ef5df-label\"><option value=\"\"  >Seleccionar...<\/option><option value=\"Patrocinio preferente: de 4.800\u20ac a 6.300\u20ac.\"  data-calculation=\"0\">Patrocinio preferente: de 4.800\u20ac a 6.300\u20ac.<\/option><option value=\"Stand en DOCUMAT: de 1.000\u20ac a 1.400\u20ac.\"  data-calculation=\"0\">Stand en DOCUMAT: de 1.000\u20ac a 1.400\u20ac.<\/option><option value=\"Presentaci\u00f3n comercial: de 900\u20ac a 2.800\u20ac.\"  data-calculation=\"0\">Presentaci\u00f3n comercial: de 900\u20ac a 2.800\u20ac.<\/option><option value=\"Patrocinio del material congresista: 1.800\u20ac.\"  data-calculation=\"0\">Patrocinio del material congresista: 1.800\u20ac.<\/option><option value=\"Inserci\u00f3n en cartera: 0\u20ac a 400\u20ac.\"  data-calculation=\"0\">Inserci\u00f3n en cartera: 0\u20ac a 400\u20ac.<\/option><option value=\"Logotipo en la web de las Jornadas: de 0\u20ac a 300\u20ac.\"  data-calculation=\"0\">Logotipo en la web de las Jornadas: de 0\u20ac a 300\u20ac.<\/option><option value=\"Patrocinio del caf\u00e9-descanso: 1.500\u20ac.\"  data-calculation=\"0\">Patrocinio del caf\u00e9-descanso: 1.500\u20ac.<\/option><option value=\"Patrocinio de la recepci\u00f3n: 2.100\u20ac.\"  data-calculation=\"0\">Patrocinio de la recepci\u00f3n: 2.100\u20ac.<\/option><option value=\"Patrocinio de la cena del Congreso: 4.300\u20ac.\"  data-calculation=\"0\">Patrocinio de la cena del Congreso: 4.300\u20ac.<\/option><\/select><\/div><\/div><\/div><div class=\"forminator-row\"><div id=\"select-2\" class=\"forminator-field-select forminator-col forminator-col-12 \"><div class=\"forminator-field\"><label for=\"forminator-form-4050__field--select-2_69e737c6ef5df\" id=\"forminator-form-4050__field--select-2_69e737c6ef5df-label\" class=\"forminator-label\">Selecciona la modalidad de patrocinio que te interesa: <span class=\"forminator-required\">*<\/span><\/label><select  id=\"forminator-form-4050__field--select-2_69e737c6ef5df\" class=\"forminator-select--field forminator-select2 forminator-select2-multiple\" data-required=\"1\" name=\"select-2\" data-default-value=\"\" data-hidden-behavior=\"zero\" data-placeholder=\"Seleccionar...\" data-search=\"false\" data-search-placeholder=\"Seleccionar...\" data-checkbox=\"false\" data-allow-clear=\"false\" aria-labelledby=\"forminator-form-4050__field--select-2_69e737c6ef5df-label\"><option value=\"\"  >Seleccionar...<\/option><option value=\"Patrocinio preferente: 8.300\u20ac.\"  data-calculation=\"0\">Patrocinio preferente: 8.300\u20ac.<\/option><option value=\"Stand en DOCUMAT: 2.000\u20ac.\"  data-calculation=\"0\">Stand en DOCUMAT: 2.000\u20ac.<\/option><option value=\"Presentaci\u00f3n comercial: de 1.900\u20ac a 3.200\u20ac.\"  data-calculation=\"0\">Presentaci\u00f3n comercial: de 1.900\u20ac a 3.200\u20ac.<\/option><option value=\"Patrocinio del material congresista: 1.800\u20ac.\"  data-calculation=\"0\">Patrocinio del material congresista: 1.800\u20ac.<\/option><option value=\"Inserci\u00f3n en cartera: 600\u20ac.\"  data-calculation=\"0\">Inserci\u00f3n en cartera: 600\u20ac.<\/option><option value=\"Logotipo en la web de las Jornadas: 400\u20ac.\"  data-calculation=\"0\">Logotipo en la web de las Jornadas: 400\u20ac.<\/option><option value=\"Patrocinio del caf\u00e9-descanso: 1.500\u20ac.\"  data-calculation=\"0\">Patrocinio del caf\u00e9-descanso: 1.500\u20ac.<\/option><option value=\"Patrocinio de la recepci\u00f3n: 2.100\u20ac.\"  data-calculation=\"0\">Patrocinio de la recepci\u00f3n: 2.100\u20ac.<\/option><option value=\"Patrocinio de la cena del Congreso: 4.300\u20ac.\"  data-calculation=\"0\">Patrocinio de la cena del Congreso: 4.300\u20ac.<\/option><\/select><\/div><\/div><\/div><div class=\"forminator-row\"><div id=\"textarea-1\" class=\"forminator-field-textarea forminator-col forminator-col-12 \"><div class=\"forminator-field\"><label for=\"forminator-field-textarea-1_69e737c6ef5df\" id=\"forminator-field-textarea-1_69e737c6ef5df-label\" class=\"forminator-label\">\u00bfTe gustar\u00eda hacer alguna observaci\u00f3n?<\/label><textarea name=\"textarea-1\" placeholder=\"Escribe aqu\u00ed tu respuesta\" id=\"forminator-field-textarea-1_69e737c6ef5df\" class=\"forminator-textarea\" rows=\"6\" style=\"min-height:140px;\" maxlength=\"180\" ><\/textarea><span id=\"forminator-field-textarea-1_69e737c6ef5df-description\" class=\"forminator-description\"><span data-limit=\"180\" data-type=\"characters\" data-editor=\"\">0 \/ 180<\/span><\/span><\/div><\/div><\/div><div class=\"forminator-row\"><div id=\"html-1\" class=\"forminator-field-html forminator-col forminator-col-12 \"><div class=\"forminator-field forminator-merge-tags\" data-field=\"html-1\"><p><em>*Todos los datos recogidos en el presente formulario ser\u00e1n tratados en base a la pol\u00edtica de privacidad aplicada por FESABID, disponible en su p\u00e1gina web <a target=\"_blank\" href=\"https:\/\/www.fesabid.org\/\">www.fesabid.org<\/a><\/em><\/p><\/div><\/div><\/div><input type=\"hidden\" name=\"referer_url\" value=\"\" \/><div class=\"forminator-row forminator-row-last\"><div class=\"forminator-col\"><div class=\"forminator-field\"><button class=\"forminator-button forminator-button-submit\">ENVIAR<\/button><\/div><\/div><\/div><input type=\"hidden\" id=\"forminator_nonce\" name=\"forminator_nonce\" value=\"6f3da75e59\" \/><input type=\"hidden\" name=\"_wp_http_referer\" value=\"\/jeid25\/index.php\/wp-json\/wp\/v2\/pages\/4051\" \/><input type=\"hidden\" name=\"form_id\" value=\"4050\"><input type=\"hidden\" name=\"page_id\" value=\"4051\"><input type=\"hidden\" name=\"form_type\" value=\"default\"><input type=\"hidden\" name=\"current_url\" value=\"https:\/\/jornadas.fesabid.org\/jeid25\/index.php\/patrocina\/formulario-de-patrocinios-de-las-jornadas\/\"><input type=\"hidden\" name=\"render_id\" value=\"0\"><input type=\"hidden\" name=\"action\" value=\"forminator_submit_form_custom-forms\"><\/form><\/div>\n\t\t\t\t<\/div>\n\t\t\t\t<\/div>\n\t\t\t\t\t<\/div>\n\t\t<\/div>\n\t\t\t\t\t<\/div>\n\t\t<\/section>\n\t\t\t\t<section class=\"elementor-section elementor-top-section elementor-element elementor-element-ead45d8 elementor-section-boxed elementor-section-height-default elementor-section-height-default\" data-id=\"ead45d8\" data-element_type=\"section\">\n\t\t\t\t\t\t<div class=\"elementor-container elementor-column-gap-default\">\n\t\t\t\t\t<div class=\"elementor-column elementor-col-100 elementor-top-column elementor-element elementor-element-742ea33\" data-id=\"742ea33\" data-element_type=\"column\">\n\t\t\t<div class=\"elementor-widget-wrap elementor-element-populated\">\n\t\t\t\t\t\t<div class=\"elementor-element elementor-element-c1a492a elementor-widget elementor-widget-spacer\" data-id=\"c1a492a\" data-element_type=\"widget\" data-widget_type=\"spacer.default\">\n\t\t\t\t<div class=\"elementor-widget-container\">\n\t\t\t\t\t<div class=\"elementor-spacer\">\n\t\t\t<div class=\"elementor-spacer-inner\"><\/div>\n\t\t<\/div>\n\t\t\t\t<\/div>\n\t\t\t\t<\/div>\n\t\t\t\t\t<\/div>\n\t\t<\/div>\n\t\t\t\t\t<\/div>\n\t\t<\/section>\n\t\t\t\t<\/div>\n\t\t","protected":false},"excerpt":{"rendered":"<p>PATROCINA<\/p>\n","protected":false},"author":3,"featured_media":0,"parent":31,"menu_order":0,"comment_status":"closed","ping_status":"closed","template":"","meta":{"inline_featured_image":false,"site-sidebar-layout":"no-sidebar","site-content-layout":"plain-container","ast-site-content-layout":"normal-width-container","site-content-style":"unboxed","site-sidebar-style":"unboxed","ast-global-header-display":"","ast-banner-title-visibility":"","ast-main-header-display":"","ast-hfb-above-header-display":"","ast-hfb-below-header-display":"","ast-hfb-mobile-header-display":"","site-post-title":"disabled","ast-breadcrumbs-content":"","ast-featured-img":"disabled","footer-sml-layout":"","theme-transparent-header-meta":"disabled","adv-header-id-meta":"","stick-header-meta":"","header-above-stick-meta":"","header-main-stick-meta":"","header-below-stick-meta":"","astra-migrate-meta-layouts":"set","ast-page-background-enabled":"default","ast-page-background-meta":{"desktop":{"background-color":"var(--ast-global-color-4)","background-image":"","background-repeat":"repeat","background-position":"center center","background-size":"auto","background-attachment":"scroll","background-type":"","background-media":"","overlay-type":"","overlay-color":"","overlay-opacity":"","overlay-gradient":""},"tablet":{"background-color":"","background-image":"","background-repeat":"repeat","background-position":"center center","background-size":"auto","background-attachment":"scroll","background-type":"","background-media":"","overlay-type":"","overlay-color":"","overlay-opacity":"","overlay-gradient":""},"mobile":{"background-color":"","background-image":"","background-repeat":"repeat","background-position":"center center","background-size":"auto","background-attachment":"scroll","background-type":"","background-media":"","overlay-type":"","overlay-color":"","overlay-opacity":"","overlay-gradient":""}},"ast-content-background-meta":{"desktop":{"background-color":"var(--ast-global-color-5)","background-image":"","background-repeat":"repeat","background-position":"center center","background-size":"auto","background-attachment":"scroll","background-type":"","background-media":"","overlay-type":"","overlay-color":"","overlay-opacity":"","overlay-gradient":""},"tablet":{"background-color":"var(--ast-global-color-5)","background-image":"","background-repeat":"repeat","background-position":"center center","background-size":"auto","background-attachment":"scroll","background-type":"","background-media":"","overlay-type":"","overlay-color":"","overlay-opacity":"","overlay-gradient":""},"mobile":{"background-color":"var(--ast-global-color-5)","background-image":"","background-repeat":"repeat","background-position":"center center","background-size":"auto","background-attachment":"scroll","background-type":"","background-media":"","overlay-type":"","overlay-color":"","overlay-opacity":"","overlay-gradient":""}},"footnotes":""},"class_list":["post-4051","page","type-page","status-publish","hentry"],"_links":{"self":[{"href":"https:\/\/jornadas.fesabid.org\/jeid25\/index.php\/wp-json\/wp\/v2\/pages\/4051","targetHints":{"allow":["GET"]}}],"collection":[{"href":"https:\/\/jornadas.fesabid.org\/jeid25\/index.php\/wp-json\/wp\/v2\/pages"}],"about":[{"href":"https:\/\/jornadas.fesabid.org\/jeid25\/index.php\/wp-json\/wp\/v2\/types\/page"}],"author":[{"embeddable":true,"href":"https:\/\/jornadas.fesabid.org\/jeid25\/index.php\/wp-json\/wp\/v2\/users\/3"}],"replies":[{"embeddable":true,"href":"https:\/\/jornadas.fesabid.org\/jeid25\/index.php\/wp-json\/wp\/v2\/comments?post=4051"}],"version-history":[{"count":8,"href":"https:\/\/jornadas.fesabid.org\/jeid25\/index.php\/wp-json\/wp\/v2\/pages\/4051\/revisions"}],"predecessor-version":[{"id":4235,"href":"https:\/\/jornadas.fesabid.org\/jeid25\/index.php\/wp-json\/wp\/v2\/pages\/4051\/revisions\/4235"}],"up":[{"embeddable":true,"href":"https:\/\/jornadas.fesabid.org\/jeid25\/index.php\/wp-json\/wp\/v2\/pages\/31"}],"wp:attachment":[{"href":"https:\/\/jornadas.fesabid.org\/jeid25\/index.php\/wp-json\/wp\/v2\/media?parent=4051"}],"curies":[{"name":"wp","href":"https:\/\/api.w.org\/{rel}","templated":true}]}}