{"id":4239,"date":"2025-01-13T09:10:12","date_gmt":"2025-01-13T07:10:12","guid":{"rendered":"https:\/\/jornadas.fesabid.org\/jeid25\/?page_id=4239"},"modified":"2025-02-25T11:23:49","modified_gmt":"2025-02-25T09:23:49","slug":"formulario-de-llamada-a-contribuciones","status":"publish","type":"page","link":"https:\/\/jornadas.fesabid.org\/jeid25\/index.php\/formulario-de-llamada-a-contribuciones\/","title":{"rendered":"FORMULARIO DE LLAMADA A CONTRIBUCIONES"},"content":{"rendered":"\t\t<div data-elementor-type=\"wp-page\" data-elementor-id=\"4239\" class=\"elementor elementor-4239\">\n\t\t\t\t\t\t<section class=\"elementor-section elementor-top-section elementor-element elementor-element-1801770 elementor-section-boxed elementor-section-height-default elementor-section-height-default\" data-id=\"1801770\" data-element_type=\"section\">\n\t\t\t\t\t\t<div class=\"elementor-container elementor-column-gap-default\">\n\t\t\t\t\t<div class=\"elementor-column elementor-col-100 elementor-top-column elementor-element elementor-element-cb833c4\" data-id=\"cb833c4\" data-element_type=\"column\" data-settings=\"{&quot;background_background&quot;:&quot;classic&quot;}\">\n\t\t\t<div class=\"elementor-widget-wrap elementor-element-populated\">\n\t\t\t\t\t\t<div class=\"elementor-element elementor-element-cf7fcd5 elementor-widget elementor-widget-spacer\" data-id=\"cf7fcd5\" data-element_type=\"widget\" data-widget_type=\"spacer.default\">\n\t\t\t\t<div class=\"elementor-widget-container\">\n\t\t\t<style>\/*! elementor - v3.23.0 - 05-08-2024 *\/\n.elementor-column .elementor-spacer-inner{height:var(--spacer-size)}.e-con{--container-widget-width:100%}.e-con-inner>.elementor-widget-spacer,.e-con>.elementor-widget-spacer{width:var(--container-widget-width,var(--spacer-size));--align-self:var(--container-widget-align-self,initial);--flex-shrink:0}.e-con-inner>.elementor-widget-spacer>.elementor-widget-container,.e-con>.elementor-widget-spacer>.elementor-widget-container{height:100%;width:100%}.e-con-inner>.elementor-widget-spacer>.elementor-widget-container>.elementor-spacer,.e-con>.elementor-widget-spacer>.elementor-widget-container>.elementor-spacer{height:100%}.e-con-inner>.elementor-widget-spacer>.elementor-widget-container>.elementor-spacer>.elementor-spacer-inner,.e-con>.elementor-widget-spacer>.elementor-widget-container>.elementor-spacer>.elementor-spacer-inner{height:var(--container-widget-height,var(--spacer-size))}.e-con-inner>.elementor-widget-spacer.elementor-widget-empty,.e-con>.elementor-widget-spacer.elementor-widget-empty{position:relative;min-height:22px;min-width:22px}.e-con-inner>.elementor-widget-spacer.elementor-widget-empty .elementor-widget-empty-icon,.e-con>.elementor-widget-spacer.elementor-widget-empty .elementor-widget-empty-icon{position:absolute;top:0;bottom:0;left:0;right:0;margin:auto;padding:0;width:22px;height:22px}<\/style>\t\t<div class=\"elementor-spacer\">\n\t\t\t<div class=\"elementor-spacer-inner\"><\/div>\n\t\t<\/div>\n\t\t\t\t<\/div>\n\t\t\t\t<\/div>\n\t\t\t\t\t<\/div>\n\t\t<\/div>\n\t\t\t\t\t<\/div>\n\t\t<\/section>\n\t\t\t\t<section class=\"elementor-section elementor-top-section elementor-element elementor-element-387a2c1 elementor-section-boxed elementor-section-height-default elementor-section-height-default\" data-id=\"387a2c1\" data-element_type=\"section\">\n\t\t\t\t\t\t<div class=\"elementor-container elementor-column-gap-default\">\n\t\t\t\t\t<div class=\"elementor-column elementor-col-100 elementor-top-column elementor-element elementor-element-8b86e28\" data-id=\"8b86e28\" data-element_type=\"column\">\n\t\t\t<div class=\"elementor-widget-wrap elementor-element-populated\">\n\t\t\t\t\t\t<div class=\"elementor-element elementor-element-8f0cdc7 elementor-widget elementor-widget-heading\" data-id=\"8f0cdc7\" data-element_type=\"widget\" data-widget_type=\"heading.default\">\n\t\t\t\t<div class=\"elementor-widget-container\">\n\t\t\t<style>\/*! elementor - v3.23.0 - 05-08-2024 *\/\n.elementor-heading-title{padding:0;margin:0;line-height:1}.elementor-widget-heading .elementor-heading-title[class*=elementor-size-]>a{color:inherit;font-size:inherit;line-height:inherit}.elementor-widget-heading .elementor-heading-title.elementor-size-small{font-size:15px}.elementor-widget-heading .elementor-heading-title.elementor-size-medium{font-size:19px}.elementor-widget-heading .elementor-heading-title.elementor-size-large{font-size:29px}.elementor-widget-heading .elementor-heading-title.elementor-size-xl{font-size:39px}.elementor-widget-heading .elementor-heading-title.elementor-size-xxl{font-size:59px}<\/style><h2 class=\"elementor-heading-title elementor-size-xl\">CONTRIBUCIONES<\/h2>\t\t<\/div>\n\t\t\t\t<\/div>\n\t\t\t\t\t<\/div>\n\t\t<\/div>\n\t\t\t\t\t<\/div>\n\t\t<\/section>\n\t\t\t\t<section class=\"elementor-section elementor-top-section elementor-element elementor-element-8110c46 elementor-section-boxed elementor-section-height-default elementor-section-height-default\" data-id=\"8110c46\" data-element_type=\"section\">\n\t\t\t\t\t\t<div class=\"elementor-container elementor-column-gap-default\">\n\t\t\t\t\t<div class=\"elementor-column elementor-col-100 elementor-top-column elementor-element elementor-element-81875de\" data-id=\"81875de\" data-element_type=\"column\">\n\t\t\t<div class=\"elementor-widget-wrap elementor-element-populated\">\n\t\t\t\t\t\t<div class=\"elementor-element elementor-element-5bf9dcf elementor-widget elementor-widget-text-editor\" data-id=\"5bf9dcf\" data-element_type=\"widget\" data-widget_type=\"text-editor.default\">\n\t\t\t\t<div class=\"elementor-widget-container\">\n\t\t\t<style>\/*! elementor - v3.23.0 - 05-08-2024 *\/\n.elementor-widget-text-editor.elementor-drop-cap-view-stacked .elementor-drop-cap{background-color:#69727d;color:#fff}.elementor-widget-text-editor.elementor-drop-cap-view-framed .elementor-drop-cap{color:#69727d;border:3px solid;background-color:transparent}.elementor-widget-text-editor:not(.elementor-drop-cap-view-default) .elementor-drop-cap{margin-top:8px}.elementor-widget-text-editor:not(.elementor-drop-cap-view-default) .elementor-drop-cap-letter{width:1em;height:1em}.elementor-widget-text-editor .elementor-drop-cap{float:left;text-align:center;line-height:1;font-size:50px}.elementor-widget-text-editor .elementor-drop-cap-letter{display:inline-block}<\/style>\t\t\t\t<span style=\"font-size: 20pt;\"><strong style=\"font-style: inherit; background-color: var( --e-global-color-astglobalcolor5 ); color: var( --e-global-color-text );\"><span style=\"font-family: myrad-regurlar;\">El plazo para presentar Contribuciones ha finalizado.<\/span><\/strong><\/span>\t\t\t\t\t\t<\/div>\n\t\t\t\t<\/div>\n\t\t\t\t\t<\/div>\n\t\t<\/div>\n\t\t\t\t\t<\/div>\n\t\t<\/section>\n\t\t\t\t<section class=\"elementor-section elementor-top-section elementor-element elementor-element-c763284 elementor-hidden-desktop elementor-hidden-tablet elementor-hidden-mobile elementor-section-boxed elementor-section-height-default elementor-section-height-default\" data-id=\"c763284\" data-element_type=\"section\">\n\t\t\t\t\t\t<div class=\"elementor-container elementor-column-gap-default\">\n\t\t\t\t\t<div class=\"elementor-column elementor-col-100 elementor-top-column elementor-element elementor-element-3790ba2\" data-id=\"3790ba2\" data-element_type=\"column\">\n\t\t\t<div class=\"elementor-widget-wrap elementor-element-populated\">\n\t\t\t\t\t\t<div class=\"elementor-element elementor-element-5462924 formulario-jeid elementor-widget elementor-widget-shortcode\" data-id=\"5462924\" data-element_type=\"widget\" data-widget_type=\"shortcode.default\">\n\t\t\t\t<div class=\"elementor-widget-container\">\n\t\t\t\t\t<div class=\"elementor-shortcode\"><div class=\"forminator-ui forminator-custom-form forminator-custom-form-4234 forminator-design--flat  forminator_ajax\" data-forminator-render=\"0\" data-form=\"forminator-module-4234\" data-uid=\"69d1003d1546d\"><br\/><\/div><form\n\t\t\t\tid=\"forminator-module-4234\"\n\t\t\t\tclass=\"forminator-ui forminator-custom-form forminator-custom-form-4234 forminator-design--flat  forminator_ajax\"\n\t\t\t\tmethod=\"post\"\n\t\t\t\tdata-forminator-render=\"0\"\n\t\t\t\tdata-form-id=\"4234\"\n\t\t\t\t\n\t\t\t\tdata-design=\"flat\"\n\t\t\t\t\n\t\t\t\t\n\t\t\t\t\n\t\t\t\tdata-grid=\"open\"\n\t\t\t\tenctype=\"multipart\/form-data\"\n\t\t\t\t\n\t\t\t\tstyle=\"display: none;\"\n\t\t\t\t\n\t\t\t\tdata-uid=\"69d1003d1546d\"\n\t\t\t><div role=\"alert\" aria-live=\"polite\" class=\"forminator-response-message forminator-error\" aria-hidden=\"true\"><\/div><div class=\"forminator-row\"><div id=\"name-1\" class=\"forminator-field-name forminator-col forminator-col-12 \"><div class=\"forminator-field\"><label for=\"forminator-field-name-1_69d1003d1546d\" id=\"forminator-field-name-1_69d1003d1546d-label\" class=\"forminator-label\">Nombre y apellidos <span class=\"forminator-required\">*<\/span><\/label><input type=\"text\" name=\"name-1\" value=\"\" placeholder=\"Ejemplo: Juan P\u00e9rez\" id=\"forminator-field-name-1_69d1003d1546d\" class=\"forminator-input forminator-name--field\" aria-required=\"true\" \/><\/div><\/div><\/div><div class=\"forminator-row\"><div id=\"email-1\" class=\"forminator-field-email forminator-col forminator-col-12 \"><div class=\"forminator-field\"><label for=\"forminator-field-email-1_69d1003d1546d\" id=\"forminator-field-email-1_69d1003d1546d-label\" class=\"forminator-label\">Correo de contacto <span class=\"forminator-required\">*<\/span><\/label><input type=\"email\" name=\"email-1\" value=\"\" placeholder=\"Ejemplo: nombre@ejemplo.com\" id=\"forminator-field-email-1_69d1003d1546d\" class=\"forminator-input forminator-email--field\" data-required=\"true\" aria-required=\"true\" \/><\/div><\/div><\/div><div class=\"forminator-row\"><div id=\"text-1\" class=\"forminator-field-text forminator-col forminator-col-12 \"><div class=\"forminator-field\"><label for=\"forminator-field-text-1_69d1003d1546d\" id=\"forminator-field-text-1_69d1003d1546d-label\" class=\"forminator-label\">\u00bfCu\u00e1l es el nombre de la organizaci\u00f3n\/instituci\u00f3n\/centro en el que trabajas? <span class=\"forminator-required\">*<\/span><\/label><input type=\"text\" name=\"text-1\" value=\"\" placeholder=\"Escribe aqu\u00ed tu respuesta\" id=\"forminator-field-text-1_69d1003d1546d\" class=\"forminator-input forminator-name--field\" data-required=\"1\" \/><\/div><\/div><\/div><div class=\"forminator-row\"><div id=\"select-3\" class=\"forminator-field-select forminator-col forminator-col-12 \"><div class=\"forminator-field\"><label for=\"forminator-form-4234__field--select-3_69d1003d1546d\" id=\"forminator-form-4234__field--select-3_69d1003d1546d-label\" class=\"forminator-label\">\u00bfQu\u00e9 tipo de contribuci\u00f3n te gustar\u00eda hacer? <span class=\"forminator-required\">*<\/span><\/label><select  id=\"forminator-form-4234__field--select-3_69d1003d1546d\" class=\"forminator-select--field forminator-select2 forminator-select2-multiple\" data-required=\"1\" name=\"select-3\" data-default-value=\"\" data-hidden-behavior=\"zero\" data-placeholder=\"Seleccionar...\" data-search=\"false\" data-search-placeholder=\"Seleccionar...\" data-checkbox=\"false\" data-allow-clear=\"false\" aria-labelledby=\"forminator-form-4234__field--select-3_69d1003d1546d-label\"><option value=\"\"  >Seleccionar...<\/option><option value=\"Presentaci\u00f3n oral\"  data-calculation=\"0\">Presentaci\u00f3n oral<\/option><option value=\"P\u00f3ster\"  data-calculation=\"0\">P\u00f3ster<\/option><option value=\"V\u00eddeo\"  data-calculation=\"0\">V\u00eddeo<\/option><option value=\"Otra\"  data-calculation=\"0\">Otra<\/option><\/select><\/div><\/div><\/div><div class=\"forminator-row\"><div id=\"select-4\" class=\"forminator-field-select forminator-col forminator-col-12 \"><div class=\"forminator-field\"><label for=\"forminator-form-4234__field--select-4_69d1003d1546d\" id=\"forminator-form-4234__field--select-4_69d1003d1546d-label\" class=\"forminator-label\">\u00bfA cu\u00e1l de las tres esferas alude tu contribuci\u00f3n ? <span class=\"forminator-required\">*<\/span><\/label><select  id=\"forminator-form-4234__field--select-4_69d1003d1546d\" class=\"forminator-select--field forminator-select2 forminator-select2-multiple\" data-required=\"1\" name=\"select-4\" data-default-value=\"\" data-hidden-behavior=\"zero\" data-placeholder=\"Seleccionar...\" data-search=\"false\" data-search-placeholder=\"Seleccionar...\" data-checkbox=\"false\" data-allow-clear=\"false\" aria-labelledby=\"forminator-form-4234__field--select-4_69d1003d1546d-label\"><option value=\"\"  >Seleccionar...<\/option><option value=\"Esfera social, Libres: Cultura y Conocimiento al Alcance de la Ciudadan\u00eda\"  data-calculation=\"0\">Esfera social, Libres: Cultura y Conocimiento al Alcance de la Ciudadan\u00eda<\/option><option value=\"Esfera tecnol\u00f3gica, Accesibles: Innovaci\u00f3n y Tecnolog\u00eda al Servicio de la Sociedad\"  data-calculation=\"0\">Esfera tecnol\u00f3gica, Accesibles: Innovaci\u00f3n y Tecnolog\u00eda al Servicio de la Sociedad<\/option><option value=\"Esfera profesional, Empoderadas: Formaci\u00f3n y Futuro Profesional\"  data-calculation=\"0\">Esfera profesional, Empoderadas: Formaci\u00f3n y Futuro Profesional<\/option><\/select><\/div><\/div><\/div><div class=\"forminator-row\"><div id=\"textarea-1\" class=\"forminator-field-textarea forminator-col forminator-col-12 \"><div class=\"forminator-field\"><label for=\"forminator-field-textarea-1_69d1003d1546d\" id=\"forminator-field-textarea-1_69d1003d1546d-label\" class=\"forminator-label\">Explica aqu\u00ed, brevemente, cu\u00e1l ser\u00e1 la tem\u00e1tica de tu intervenci\u00f3n; t\u00edtulo, objetivos, metodolog\u00eda y resultados (en su caso). <span class=\"forminator-required\">*<\/span><\/label><textarea name=\"textarea-1\" placeholder=\"Escribe aqu\u00ed tu respuesta\" id=\"forminator-field-textarea-1_69d1003d1546d\" class=\"forminator-textarea\" rows=\"6\" style=\"min-height:140px;\" maxlength=\"180\" ><\/textarea><span id=\"forminator-field-textarea-1_69d1003d1546d-description\" class=\"forminator-description\"><span data-limit=\"180\" data-type=\"characters\" data-editor=\"\">0 \/ 180<\/span><\/span><\/div><\/div><\/div><div class=\"forminator-row\"><div id=\"upload-1\" class=\"forminator-field-upload forminator-col forminator-col-12  boton-subir-fichero\"><div class=\"forminator-field\"><label for=\"forminator-field-upload-1_69d1003d1546d\" id=\"forminator-field-upload-1_69d1003d1546d-label\" class=\"forminator-label\">Adjunta un breve abstract (250 a 500 en formato Word) <span class=\"forminator-required\">*<\/span><\/label><div class=\"forminator-file-upload \" data-element=\"upload-1_69d1003d1546d\"><input type=\"file\" name=\"upload-1\" id=\"forminator-field-upload-1_69d1003d1546d\" class=\"forminator-input-file-required do-validate\" accept=\".avif,.heif,.heics,.heifs,.css,.htm,.html,.dfxp,.js,.doc,.docx\"><button id=\"forminator-field-upload-1_69d1003d1546d_button\" class=\"forminator-button forminator-button-upload\" data-id=\"forminator-field-upload-1_69d1003d1546d\">Elegir archivo<\/button><span data-empty-text=\"Ning\u00fan archivo seleccionado\">Ning\u00fan archivo seleccionado<\/span><button class=\"forminator-button-delete\" style=\"display: none;\"><i class=\"forminator-icon-close\" aria-hidden=\"true\"><\/i><span class=\"forminator-screen-reader-only\">Eliminar el archivo subido<\/span><\/button><\/div><\/div><\/div><\/div><div class=\"forminator-row\"><div id=\"textarea-2\" class=\"forminator-field-textarea forminator-col forminator-col-12 \"><div class=\"forminator-field\"><label for=\"forminator-field-textarea-2_69d1003d1546d\" id=\"forminator-field-textarea-2_69d1003d1546d-label\" class=\"forminator-label\">\u00bfTe gustar\u00eda hacer alguna observaci\u00f3n?<\/label><textarea name=\"textarea-2\" placeholder=\"Escribe aqu\u00ed tu respuesta\" id=\"forminator-field-textarea-2_69d1003d1546d\" class=\"forminator-textarea\" rows=\"6\" style=\"min-height:140px;\" maxlength=\"180\" ><\/textarea><span id=\"forminator-field-textarea-2_69d1003d1546d-description\" class=\"forminator-description\"><span data-limit=\"180\" data-type=\"characters\" data-editor=\"\">0 \/ 180<\/span><\/span><\/div><\/div><\/div><div class=\"forminator-row\"><div id=\"html-1\" class=\"forminator-field-html forminator-col forminator-col-12 \"><div class=\"forminator-field forminator-merge-tags\" data-field=\"html-1\"><p><em>*Todos los datos recogidos en el presente formulario ser\u00e1n tratados en base a la pol\u00edtica de privacidad aplicada por FESABID, disponible en su p\u00e1gina web <a target=\"_blank\" href=\"https:\/\/www.fesabid.org\/\">www.fesabid.org<\/a><\/em><\/p><\/div><\/div><\/div><input type=\"hidden\" name=\"referer_url\" value=\"\" \/><div class=\"forminator-row forminator-row-last\"><div class=\"forminator-col\"><div class=\"forminator-field\"><button class=\"forminator-button forminator-button-submit\">ENVIAR<\/button><\/div><\/div><\/div><input type=\"hidden\" id=\"forminator_nonce\" name=\"forminator_nonce\" value=\"163591ad4f\" \/><input type=\"hidden\" name=\"_wp_http_referer\" value=\"\/jeid25\/index.php\/wp-json\/wp\/v2\/pages\/4239\" \/><input type=\"hidden\" name=\"form_id\" value=\"4234\"><input type=\"hidden\" name=\"page_id\" value=\"4239\"><input type=\"hidden\" name=\"form_type\" value=\"default\"><input type=\"hidden\" name=\"current_url\" value=\"https:\/\/jornadas.fesabid.org\/jeid25\/index.php\/formulario-de-llamada-a-contribuciones\/\"><input type=\"hidden\" name=\"render_id\" value=\"0\"><input type=\"hidden\" name=\"action\" value=\"forminator_submit_form_custom-forms\"><\/form><\/div>\n\t\t\t\t<\/div>\n\t\t\t\t<\/div>\n\t\t\t\t\t<\/div>\n\t\t<\/div>\n\t\t\t\t\t<\/div>\n\t\t<\/section>\n\t\t\t\t<section class=\"elementor-section elementor-top-section elementor-element elementor-element-ead45d8 elementor-section-boxed elementor-section-height-default elementor-section-height-default\" data-id=\"ead45d8\" data-element_type=\"section\">\n\t\t\t\t\t\t<div class=\"elementor-container elementor-column-gap-default\">\n\t\t\t\t\t<div class=\"elementor-column elementor-col-100 elementor-top-column elementor-element elementor-element-742ea33\" data-id=\"742ea33\" data-element_type=\"column\">\n\t\t\t<div class=\"elementor-widget-wrap elementor-element-populated\">\n\t\t\t\t\t\t<div class=\"elementor-element elementor-element-c1a492a elementor-widget elementor-widget-spacer\" data-id=\"c1a492a\" data-element_type=\"widget\" data-widget_type=\"spacer.default\">\n\t\t\t\t<div class=\"elementor-widget-container\">\n\t\t\t\t\t<div class=\"elementor-spacer\">\n\t\t\t<div class=\"elementor-spacer-inner\"><\/div>\n\t\t<\/div>\n\t\t\t\t<\/div>\n\t\t\t\t<\/div>\n\t\t\t\t\t<\/div>\n\t\t<\/div>\n\t\t\t\t\t<\/div>\n\t\t<\/section>\n\t\t\t\t<\/div>\n\t\t","protected":false},"excerpt":{"rendered":"<p>CONTRIBUCIONES El plazo para presentar Contribuciones ha finalizado.<\/p>\n","protected":false},"author":3,"featured_media":0,"parent":0,"menu_order":0,"comment_status":"closed","ping_status":"closed","template":"","meta":{"inline_featured_image":false,"site-sidebar-layout":"no-sidebar","site-content-layout":"plain-container","ast-site-content-layout":"normal-width-container","site-content-style":"unboxed","site-sidebar-style":"unboxed","ast-global-header-display":"","ast-banner-title-visibility":"","ast-main-header-display":"","ast-hfb-above-header-display":"","ast-hfb-below-header-display":"","ast-hfb-mobile-header-display":"","site-post-title":"disabled","ast-breadcrumbs-content":"","ast-featured-img":"disabled","footer-sml-layout":"","theme-transparent-header-meta":"disabled","adv-header-id-meta":"","stick-header-meta":"","header-above-stick-meta":"","header-main-stick-meta":"","header-below-stick-meta":"","astra-migrate-meta-layouts":"set","ast-page-background-enabled":"default","ast-page-background-meta":{"desktop":{"background-color":"var(--ast-global-color-4)","background-image":"","background-repeat":"repeat","background-position":"center center","background-size":"auto","background-attachment":"scroll","background-type":"","background-media":"","overlay-type":"","overlay-color":"","overlay-opacity":"","overlay-gradient":""},"tablet":{"background-color":"","background-image":"","background-repeat":"repeat","background-position":"center center","background-size":"auto","background-attachment":"scroll","background-type":"","background-media":"","overlay-type":"","overlay-color":"","overlay-opacity":"","overlay-gradient":""},"mobile":{"background-color":"","background-image":"","background-repeat":"repeat","background-position":"center center","background-size":"auto","background-attachment":"scroll","background-type":"","background-media":"","overlay-type":"","overlay-color":"","overlay-opacity":"","overlay-gradient":""}},"ast-content-background-meta":{"desktop":{"background-color":"var(--ast-global-color-5)","background-image":"","background-repeat":"repeat","background-position":"center center","background-size":"auto","background-attachment":"scroll","background-type":"","background-media":"","overlay-type":"","overlay-color":"","overlay-opacity":"","overlay-gradient":""},"tablet":{"background-color":"var(--ast-global-color-5)","background-image":"","background-repeat":"repeat","background-position":"center center","background-size":"auto","background-attachment":"scroll","background-type":"","background-media":"","overlay-type":"","overlay-color":"","overlay-opacity":"","overlay-gradient":""},"mobile":{"background-color":"var(--ast-global-color-5)","background-image":"","background-repeat":"repeat","background-position":"center center","background-size":"auto","background-attachment":"scroll","background-type":"","background-media":"","overlay-type":"","overlay-color":"","overlay-opacity":"","overlay-gradient":""}},"footnotes":""},"class_list":["post-4239","page","type-page","status-publish","hentry"],"_links":{"self":[{"href":"https:\/\/jornadas.fesabid.org\/jeid25\/index.php\/wp-json\/wp\/v2\/pages\/4239","targetHints":{"allow":["GET"]}}],"collection":[{"href":"https:\/\/jornadas.fesabid.org\/jeid25\/index.php\/wp-json\/wp\/v2\/pages"}],"about":[{"href":"https:\/\/jornadas.fesabid.org\/jeid25\/index.php\/wp-json\/wp\/v2\/types\/page"}],"author":[{"embeddable":true,"href":"https:\/\/jornadas.fesabid.org\/jeid25\/index.php\/wp-json\/wp\/v2\/users\/3"}],"replies":[{"embeddable":true,"href":"https:\/\/jornadas.fesabid.org\/jeid25\/index.php\/wp-json\/wp\/v2\/comments?post=4239"}],"version-history":[{"count":22,"href":"https:\/\/jornadas.fesabid.org\/jeid25\/index.php\/wp-json\/wp\/v2\/pages\/4239\/revisions"}],"predecessor-version":[{"id":4955,"href":"https:\/\/jornadas.fesabid.org\/jeid25\/index.php\/wp-json\/wp\/v2\/pages\/4239\/revisions\/4955"}],"wp:attachment":[{"href":"https:\/\/jornadas.fesabid.org\/jeid25\/index.php\/wp-json\/wp\/v2\/media?parent=4239"}],"curies":[{"name":"wp","href":"https:\/\/api.w.org\/{rel}","templated":true}]}}